{"id":2102,"date":"2021-10-25T22:01:23","date_gmt":"2021-10-25T20:01:23","guid":{"rendered":"https:\/\/croitoriemobila.ro\/?page_id=2102"},"modified":"2021-11-21T23:56:11","modified_gmt":"2021-11-21T21:56:11","slug":"croitorie-parteneriat","status":"publish","type":"page","link":"https:\/\/croitoriemobila.ro\/index.php\/croitorie-parteneriat\/","title":{"rendered":"Croitorie Parteneriat"},"content":{"rendered":"\n<figure class=\"wp-block-table\"><table><tbody><tr><td class=\"has-text-align-center\" data-align=\"center\"><br><strong>\u201eA veni \u00eempreun\u0103 este un \u00eenceput, a r\u0103m\u00e2ne \u00eempreun\u0103 este un progres \u0219i a lucra \u00eempreun\u0103 este un succes.\u201d &#8211; Henry Ford<\/strong><br><\/td><\/tr><\/tbody><\/table><\/figure>\n\n\n\n<div class=\"wp-block-columns\">\n<div class=\"wp-block-column\">\n<figure class=\"wp-block-image size-large is-resized\"><img loading=\"lazy\" src=\"https:\/\/croitoriemobila.ro\/wp-content\/uploads\/2021\/10\/croitorie-parteneriat-2-1024x682.jpg\" alt=\"\" class=\"wp-image-2150\" width=\"467\" height=\"311\" srcset=\"https:\/\/croitoriemobila.ro\/wp-content\/uploads\/2021\/10\/croitorie-parteneriat-2-1024x682.jpg 1024w, https:\/\/croitoriemobila.ro\/wp-content\/uploads\/2021\/10\/croitorie-parteneriat-2-300x200.jpg 300w, https:\/\/croitoriemobila.ro\/wp-content\/uploads\/2021\/10\/croitorie-parteneriat-2-768x512.jpg 768w, https:\/\/croitoriemobila.ro\/wp-content\/uploads\/2021\/10\/croitorie-parteneriat-2-600x400.jpg 600w, https:\/\/croitoriemobila.ro\/wp-content\/uploads\/2021\/10\/croitorie-parteneriat-2.jpg 1280w\" sizes=\"(max-width: 467px) 100vw, 467px\" \/><\/figure>\n<\/div>\n\n\n\n<div class=\"wp-block-column\">\n<p class=\"has-medium-font-size\">Oferim in mod constant servicii de mentenanta mai multor firme din domeniul locurilor de joaca pentru copii si ne-am specializat in aria executiei de huse custom pentru diverse echipamente<\/p>\n\n\n\n<p class=\"has-medium-font-size\">De-a lungul timpului am mai desfasurat proiecte pentru sali de fitness, HORECA, televiziune, unitati militare s.a.<\/p>\n\n\n\n<p class=\"has-medium-font-size\">Totusi, suntem pregatiti si entuziasmati sa incercam mereu noi provocari<\/p>\n\n\n\n<p class=\"has-medium-font-size\">Pentru colaborari privind lucrari de croitorie sau alte proiecte atipice ce presupun croire si coasere, te asteptam sa ne contactezi cu detalii, telefonic sau prin formularul de <a href=\"https:\/\/croitoriemobila.ro\/index.php\/contact\/\">contact<\/a><\/p>\n<\/div>\n<\/div>\n","protected":false},"excerpt":{"rendered":"<p>\u201eA veni \u00eempreun\u0103 este un \u00eenceput, a r\u0103m\u00e2ne \u00eempreun\u0103 este un progres \u0219i a lucra \u00eempreun\u0103 este un succes.\u201d &#8211; Henry Ford Oferim in mod constant servicii de mentenanta mai<\/p>\n","protected":false},"author":1,"featured_media":0,"parent":0,"menu_order":0,"comment_status":"closed","ping_status":"closed","template":"","meta":{"spay_email":""},"aioseo_notices":[],"_links":{"self":[{"href":"https:\/\/croitoriemobila.ro\/index.php\/wp-json\/wp\/v2\/pages\/2102"}],"collection":[{"href":"https:\/\/croitoriemobila.ro\/index.php\/wp-json\/wp\/v2\/pages"}],"about":[{"href":"https:\/\/croitoriemobila.ro\/index.php\/wp-json\/wp\/v2\/types\/page"}],"author":[{"embeddable":true,"href":"https:\/\/croitoriemobila.ro\/index.php\/wp-json\/wp\/v2\/users\/1"}],"replies":[{"embeddable":true,"href":"https:\/\/croitoriemobila.ro\/index.php\/wp-json\/wp\/v2\/comments?post=2102"}],"version-history":[{"count":9,"href":"https:\/\/croitoriemobila.ro\/index.php\/wp-json\/wp\/v2\/pages\/2102\/revisions"}],"predecessor-version":[{"id":2344,"href":"https:\/\/croitoriemobila.ro\/index.php\/wp-json\/wp\/v2\/pages\/2102\/revisions\/2344"}],"wp:attachment":[{"href":"https:\/\/croitoriemobila.ro\/index.php\/wp-json\/wp\/v2\/media?parent=2102"}],"curies":[{"name":"wp","href":"https:\/\/api.w.org\/{rel}","templated":true}]}}